{"id":20906,"date":"2021-01-21T19:41:26","date_gmt":"2021-01-21T19:41:26","guid":{"rendered":"http:\/\/www.4texel.sk\/?page_id=20906"},"modified":"2021-01-21T19:41:26","modified_gmt":"2021-01-21T19:41:26","slug":"potlac-reklamnych-predmetov","status":"publish","type":"page","link":"https:\/\/www.4texel.sk\/?page_id=20906","title":{"rendered":"Potla\u010d reklamn\u00fdch predmetov"},"content":{"rendered":"<p>[et_pb_section fb_built=&#8220;1&#8243; custom_padding_last_edited=&#8220;on|desktop&#8220; next_background_color=&#8220;#ffffff&#8220; admin_label=&#8220;Header&#8220; _builder_version=&#8220;4.8.1&#8243; use_background_color_gradient=&#8220;on&#8220; background_color_gradient_start=&#8220;#8624E1&#8243; background_color_gradient_end=&#8220;#3607A6&#8243; background_color_gradient_direction=&#8220;130deg&#8220; background_color_gradient_start_position=&#8220;25%&#8220; background_image=&#8220;http:\/\/www.4texel.sk\/wp-content\/uploads\/marketing-bg6.png&#8220; parallax=&#8220;on&#8220; min_height=&#8220;300px&#8220; custom_padding=&#8220;4vw||4vw||false|false&#8220; custom_padding_tablet=&#8220;100px||100px||true&#8220; custom_padding_phone=&#8220;||||true&#8220; bottom_divider_style=&#8220;ramp2&#8243; bottom_divider_height=&#8220;150px&#8220; bottom_divider_flip=&#8220;horizontal&#8220; bottom_divider_height_tablet=&#8220;150px&#8220; bottom_divider_height_phone=&#8220;110px&#8220; bottom_divider_height_last_edited=&#8220;on|phone&#8220; saved_tabs=&#8220;all&#8220;][et_pb_row _builder_version=&#8220;3.25&#8243;][et_pb_column type=&#8220;4_4&#8243; _builder_version=&#8220;3.25&#8243; custom_padding=&#8220;|||&#8220; custom_padding__hover=&#8220;|||&#8220;][et_pb_text _builder_version=&#8220;4.8.1&#8243; text_font=&#8220;Roboto||||||||&#8220; text_font_size=&#8220;16px&#8220; text_line_height=&#8220;1.8em&#8220; header_font=&#8220;Roboto|700|||||||&#8220; header_text_align=&#8220;center&#8220; header_font_size=&#8220;70px&#8220; header_line_height=&#8220;1.2em&#8220; header_3_font=&#8220;Roboto|700||on|||||&#8220; header_3_text_align=&#8220;center&#8220; header_3_text_color=&#8220;#ffffff&#8220; header_3_font_size=&#8220;24px&#8220; header_3_letter_spacing=&#8220;10px&#8220; header_3_line_height=&#8220;2em&#8220; text_orientation=&#8220;center&#8220; background_layout=&#8220;dark&#8220; module_alignment=&#8220;center&#8220; text_font_size_last_edited=&#8220;off|desktop&#8220; header_font_size_tablet=&#8220;40px&#8220; header_font_size_phone=&#8220;32px&#8220; header_font_size_last_edited=&#8220;on|phone&#8220; header_3_font_size_tablet=&#8220;16px&#8220; header_3_font_size_phone=&#8220;14px&#8220; header_3_font_size_last_edited=&#8220;on|phone&#8220; header_3_letter_spacing_tablet=&#8220;5px&#8220; header_3_letter_spacing_phone=&#8220;&#8220; header_3_letter_spacing_last_edited=&#8220;on|tablet&#8220;]<\/p>\n<h1>Potla\u010d reklamn\u00fdch predmetov<\/h1>\n<p>[\/et_pb_text][\/et_pb_column][\/et_pb_row][\/et_pb_section][et_pb_section fb_built=&#8220;1&#8243; custom_padding_last_edited=&#8220;off|desktop&#8220; admin_label=&#8220;About&#8220; _builder_version=&#8220;3.22&#8243; custom_padding=&#8220;6px|||||&#8220; custom_padding_tablet=&#8220;0px|||&#8220; custom_padding_phone=&#8220;0px|||&#8220; border_radii=&#8220;on|10px|10px|10px|10px&#8220; saved_tabs=&#8220;all&#8220;][et_pb_row _builder_version=&#8220;4.8.1&#8243; width=&#8220;100%&#8220; locked=&#8220;off&#8220;][et_pb_column type=&#8220;4_4&#8243; _builder_version=&#8220;4.8.1&#8243; custom_padding=&#8220;|||&#8220; custom_padding__hover=&#8220;|||&#8220;][et_pb_text _builder_version=&#8220;4.8.1&#8243; text_font=&#8220;||||||||&#8220; text_font_size=&#8220;16px&#8220; text_line_height=&#8220;2em&#8220; ul_font=&#8220;||||||||&#8220; header_font=&#8220;||||||||&#8220; header_2_font=&#8220;Roboto|700|||||||&#8220; header_2_text_color=&#8220;#8300E9&#8243; header_2_font_size=&#8220;30px&#8220; header_2_line_height=&#8220;1.2em&#8220; header_3_font=&#8220;||||||||&#8220; max_width=&#8220;880px&#8220; max_width_last_edited=&#8220;off|desktop&#8220; module_alignment=&#8220;center&#8220; custom_margin=&#8220;|||&#8220; custom_padding=&#8220;|||&#8220; header_2_font_size_tablet=&#8220;35px&#8220; header_2_font_size_phone=&#8220;28px&#8220; header_2_font_size_last_edited=&#8220;on|phone&#8220;]<\/p>\n<p>Potla\u010d na reklamn\u00e9 predmety je jednou z naj\u010dastej\u0161\u00edch slu\u017eieb vyu\u017e\u00edvan\u00fdch v r\u00e1mci <strong>n\u00e1hradn\u00e9ho plnenia<\/strong>.<\/p>\n<p>Na potla\u010d predmetov vyu\u017e\u00edvame viacero techn\u00edk v z\u00e1vislosti od druhu reklamn\u00e9ho predmetu na, ktor\u00fd potrebujete umiestni\u0165 svoje logo, grafiku alebo n\u00e1pis.<\/p>\n<h2>Tampoprint<\/h2>\n<ul>\n<li>t\u00e1to technol\u00f3gia potla\u010de je vhodn\u00e1 na rozmerovo men\u0161ie predmety z d\u00f4vodu obmedzenia maxim\u00e1lnej ve\u013ekosti tla\u010de<\/li>\n<li>potla\u010d je mo\u017en\u00e9 realizova\u0165 na r\u00f4zne materi\u00e1ly ako je: plast, drevo, kov, keramika, ko\u017ea a in\u00e9.<\/li>\n<li>naj\u010dastej\u0161ie vyu\u017eitie: per\u00e1,zapa\u013eova\u010de, k\u013e\u00fa\u010denky, USB k\u013e\u00fa\u010de a kancel\u00e1rske potreby<\/li>\n<\/ul>\n<h2>Priama plnofarebn\u00e1 digit\u00e1lna tla\u010d<\/h2>\n<p>Podobne ako pri tampoprintovej tla\u010di je tu rozmerov\u00e9 obmedzenie predmetov, preto sa naj\u010dastej\u0161ie potl\u00e1\u010daj\u00fa per\u00e1, zapa\u013eova\u010de, \u017eet\u00f3ny, k\u013e\u00fa\u010denky a pod..<\/p>\n<p>V\u00fdhodou je:<\/p>\n<ul>\n<li>plnofarebn\u00e1 potla\u010d<\/li>\n<li>mo\u017enos\u0165 potla\u010de u\u017e od nieko\u013ek\u00fdch kusov<\/li>\n<li>potla\u010d prakticky na ak\u00fdko\u013evek materi\u00e1l (plast, kov, sklo, ko\u017ea, keramika, papier,\u2026)<\/li>\n<\/ul>\n<h2><\/h2>\n<h2>Sie\u0165otla\u010d<\/h2>\n<ul>\n<li>je ve\u013ekoform\u00e1tov\u00e1 viacfarebn\u00e1 tla\u010d,<\/li>\n<li>z poh\u013eadu tla\u010denej grafiky, nie je vhodn\u00e1 na komplikovan\u00e9 drobn\u00e9 detaily<\/li>\n<li>vyu\u017e\u00edva sa zv\u00e4\u010d\u0161a na ploch\u00e9 predmety ako s\u00fa d\u00e1\u017edniky, igelitky, ta\u0161ky, \u2026<\/li>\n<li>materi\u00e1ly vhodn\u00e9 na potla\u010d: textil, plast, papier<\/li>\n<\/ul>\n<h2>Transferov\u00e1 tla\u010d<\/h2>\n<p>Touto technol\u00f3giou sa potl\u00e1\u010daj\u00fa hlavne predmety z text\u00edlie (napr. batohy, d\u00e1\u017edniky\u2026), \u010dasto sa pou\u017e\u00edva na <strong>plnofarebn\u00fa potla\u010d hrn\u010dekov<\/strong>, kde sa grafika alebo fotografia najprv zrkadlovo vytla\u010d\u00ed na tzv. prenosn\u00e9 m\u00e9dium (transferov\u00fa f\u00f3liu) a t\u00e1 sa n\u00e1sledne <strong>vysok\u00fdm tlakom a teplotou prenesie na hrn\u010dek<\/strong> alebo in\u00fd predmet.<\/p>\n<p>V\u00fdhodou je <strong>vysok\u00e1 farebn\u00e1 s\u00fdtos\u0165, kvalita potla\u010de<\/strong> a mo\u017enos\u0165 tla\u010de n\u00e1ro\u010dnej grafiky.<\/p>\n<h2>Laserov\u00e9 grav\u00edrovanie<\/h2>\n<ul>\n<li>vyp\u00e1lenie grafick\u00e9ho mot\u00edvu (logo, fotka, text, \u2026) na reklamn\u00fd predmet<\/li>\n<li>v\u00fdhodou je trvanlivos\u0165, kontrast, jemnos\u0165, vern\u00e1 podoba<\/li>\n<li>naj\u010dastej\u0161ie pou\u017eitie na: kov, drevo, plast, \u2026<\/li>\n<\/ul>\n<p>[\/et_pb_text][\/et_pb_column][\/et_pb_row][\/et_pb_section][et_pb_section fb_built=&#8220;1&#8243; custom_padding_last_edited=&#8220;on|desktop&#8220; prev_background_color=&#8220;#ffffff&#8220; admin_label=&#8220;Footer&#8220; _builder_version=&#8220;3.22&#8243; use_background_color_gradient=&#8220;on&#8220; background_color_gradient_start=&#8220;#8624E1&#8243; background_color_gradient_end=&#8220;#3607A6&#8243; background_color_gradient_direction=&#8220;130deg&#8220; background_color_gradient_start_position=&#8220;25%&#8220; background_image=&#8220;http:\/\/www.4texel.sk\/wp-content\/uploads\/marketing-bg6.png&#8220; parallax=&#8220;on&#8220; custom_padding=&#8220;10vw||7vw||false|false&#8220; custom_padding_tablet=&#8220;100px||100px||true&#8220; custom_padding_phone=&#8220;||||true&#8220; top_divider_style=&#8220;ramp2&#8243; top_divider_height=&#8220;250px&#8220; top_divider_flip=&#8220;vertical&#8220; top_divider_height_tablet=&#8220;150px&#8220; top_divider_height_phone=&#8220;110px&#8220; top_divider_height_last_edited=&#8220;on|phone&#8220; saved_tabs=&#8220;all&#8220;][et_pb_row _builder_version=&#8220;3.25&#8243; max_width=&#8220;1440px&#8220; custom_margin=&#8220;|||&#8220; custom_padding=&#8220;0px|||&#8220; use_custom_width=&#8220;on&#8220; custom_width_px=&#8220;1440px&#8220;][et_pb_column type=&#8220;4_4&#8243; _builder_version=&#8220;3.25&#8243; custom_padding=&#8220;|||&#8220; custom_padding__hover=&#8220;|||&#8220;][et_pb_button button_url=&#8220;https:\/\/4texel.e-present.eu\/&#8220; button_text=&#8220;Eshop &#8211; Reklamn\u00e9 predmety&#8220; button_alignment=&#8220;center&#8220; _builder_version=&#8220;4.8.1&#8243; custom_button=&#8220;on&#8220; button_text_size=&#8220;14px&#8220; button_bg_use_color_gradient=&#8220;on&#8220; button_bg_color_gradient_start=&#8220;#f92c8b&#8220; button_bg_color_gradient_end=&#8220;#b02cd6&#8243; button_bg_color_gradient_direction=&#8220;90deg&#8220; button_border_width=&#8220;0px&#8220; button_border_color=&#8220;rgba(0,0,0,0)&#8220; button_border_radius=&#8220;4px&#8220; button_letter_spacing=&#8220;5px&#8220; button_font=&#8220;Roboto|700||on|||||&#8220; background_layout=&#8220;dark&#8220; custom_margin=&#8220;|||&#8220; custom_padding=&#8220;18px|34px|18px|34px|true|true&#8220; hover_enabled=&#8220;0&#8243; box_shadow_style=&#8220;preset3&#8243; box_shadow_vertical=&#8220;20px&#8220; box_shadow_blur=&#8220;30px&#8220; box_shadow_spread=&#8220;-10px&#8220; box_shadow_color=&#8220;rgba(249,44,139,0.4)&#8220; button_letter_spacing_hover=&#8220;5.5px&#8220; button_text_size__hover_enabled=&#8220;off&#8220; button_one_text_size__hover_enabled=&#8220;off&#8220; button_two_text_size__hover_enabled=&#8220;off&#8220; button_text_color__hover_enabled=&#8220;off&#8220; button_one_text_color__hover_enabled=&#8220;off&#8220; button_two_text_color__hover_enabled=&#8220;off&#8220; button_border_width__hover_enabled=&#8220;off&#8220; button_one_border_width__hover_enabled=&#8220;off&#8220; button_two_border_width__hover_enabled=&#8220;off&#8220; button_border_color__hover_enabled=&#8220;off&#8220; button_one_border_color__hover_enabled=&#8220;off&#8220; button_two_border_color__hover_enabled=&#8220;off&#8220; button_border_radius__hover_enabled=&#8220;off&#8220; button_one_border_radius__hover_enabled=&#8220;off&#8220; button_two_border_radius__hover_enabled=&#8220;off&#8220; button_letter_spacing__hover_enabled=&#8220;on&#8220; button_letter_spacing__hover=&#8220;5.5px&#8220; button_one_letter_spacing__hover_enabled=&#8220;off&#8220; button_two_letter_spacing__hover_enabled=&#8220;off&#8220; button_bg_color__hover_enabled=&#8220;off&#8220; button_one_bg_color__hover_enabled=&#8220;off&#8220; button_two_bg_color__hover_enabled=&#8220;off&#8220; sticky_enabled=&#8220;0&#8243;][\/et_pb_button][\/et_pb_column][\/et_pb_row][\/et_pb_section]<\/p>\n","protected":false},"excerpt":{"rendered":"<p>Potla\u010d reklamn\u00fdch predmetovPotla\u010d na reklamn\u00e9 predmety je jednou z naj\u010dastej\u0161\u00edch slu\u017eieb vyu\u017e\u00edvan\u00fdch v r\u00e1mci n\u00e1hradn\u00e9ho plnenia. Na potla\u010d predmetov vyu\u017e\u00edvame viacero techn\u00edk v z\u00e1vislosti od druhu reklamn\u00e9ho predmetu na, ktor\u00fd potrebujete umiestni\u0165 svoje logo, grafiku alebo n\u00e1pis. Tampoprint t\u00e1to technol\u00f3gia potla\u010de je vhodn\u00e1 na rozmerovo men\u0161ie predmety z d\u00f4vodu obmedzenia maxim\u00e1lnej ve\u013ekosti tla\u010de potla\u010d je [&hellip;]<\/p>\n","protected":false},"author":1,"featured_media":0,"parent":0,"menu_order":0,"comment_status":"closed","ping_status":"closed","template":"","meta":{"_et_pb_use_builder":"on","_et_pb_old_content":"","_et_gb_content_width":"","footnotes":""},"_links":{"self":[{"href":"https:\/\/www.4texel.sk\/index.php?rest_route=\/wp\/v2\/pages\/20906"}],"collection":[{"href":"https:\/\/www.4texel.sk\/index.php?rest_route=\/wp\/v2\/pages"}],"about":[{"href":"https:\/\/www.4texel.sk\/index.php?rest_route=\/wp\/v2\/types\/page"}],"author":[{"embeddable":true,"href":"https:\/\/www.4texel.sk\/index.php?rest_route=\/wp\/v2\/users\/1"}],"replies":[{"embeddable":true,"href":"https:\/\/www.4texel.sk\/index.php?rest_route=%2Fwp%2Fv2%2Fcomments&post=20906"}],"version-history":[{"count":2,"href":"https:\/\/www.4texel.sk\/index.php?rest_route=\/wp\/v2\/pages\/20906\/revisions"}],"predecessor-version":[{"id":20910,"href":"https:\/\/www.4texel.sk\/index.php?rest_route=\/wp\/v2\/pages\/20906\/revisions\/20910"}],"wp:attachment":[{"href":"https:\/\/www.4texel.sk\/index.php?rest_route=%2Fwp%2Fv2%2Fmedia&parent=20906"}],"curies":[{"name":"wp","href":"https:\/\/api.w.org\/{rel}","templated":true}]}}