{"id":20912,"date":"2021-01-21T19:42:31","date_gmt":"2021-01-21T19:42:31","guid":{"rendered":"http:\/\/www.4texel.sk\/?page_id=20912"},"modified":"2021-01-21T19:42:31","modified_gmt":"2021-01-21T19:42:31","slug":"potlac-textilu","status":"publish","type":"page","link":"https:\/\/www.4texel.sk\/?page_id=20912","title":{"rendered":"Potla\u010d textilu"},"content":{"rendered":"<p>[et_pb_section fb_built=&#8220;1&#8243; custom_padding_last_edited=&#8220;on|desktop&#8220; next_background_color=&#8220;#ffffff&#8220; admin_label=&#8220;Header&#8220; _builder_version=&#8220;4.8.1&#8243; use_background_color_gradient=&#8220;on&#8220; background_color_gradient_start=&#8220;#8624E1&#8243; background_color_gradient_end=&#8220;#3607A6&#8243; background_color_gradient_direction=&#8220;130deg&#8220; background_color_gradient_start_position=&#8220;25%&#8220; background_image=&#8220;http:\/\/www.4texel.sk\/wp-content\/uploads\/marketing-bg6.png&#8220; parallax=&#8220;on&#8220; min_height=&#8220;300px&#8220; custom_padding=&#8220;4vw||4vw||false|false&#8220; custom_padding_tablet=&#8220;100px||100px||true&#8220; custom_padding_phone=&#8220;||||true&#8220; bottom_divider_style=&#8220;ramp2&#8243; bottom_divider_height=&#8220;150px&#8220; bottom_divider_flip=&#8220;horizontal&#8220; bottom_divider_height_tablet=&#8220;150px&#8220; bottom_divider_height_phone=&#8220;110px&#8220; bottom_divider_height_last_edited=&#8220;on|phone&#8220; saved_tabs=&#8220;all&#8220;][et_pb_row _builder_version=&#8220;3.25&#8243;][et_pb_column type=&#8220;4_4&#8243; _builder_version=&#8220;3.25&#8243; custom_padding=&#8220;|||&#8220; custom_padding__hover=&#8220;|||&#8220;][et_pb_text _builder_version=&#8220;4.8.1&#8243; text_font=&#8220;Roboto||||||||&#8220; text_font_size=&#8220;16px&#8220; text_line_height=&#8220;1.8em&#8220; header_font=&#8220;Roboto|700|||||||&#8220; header_text_align=&#8220;center&#8220; header_font_size=&#8220;70px&#8220; header_line_height=&#8220;1.2em&#8220; header_3_font=&#8220;Roboto|700||on|||||&#8220; header_3_text_align=&#8220;center&#8220; header_3_text_color=&#8220;#ffffff&#8220; header_3_font_size=&#8220;24px&#8220; header_3_letter_spacing=&#8220;10px&#8220; header_3_line_height=&#8220;2em&#8220; text_orientation=&#8220;center&#8220; background_layout=&#8220;dark&#8220; module_alignment=&#8220;center&#8220; text_font_size_last_edited=&#8220;off|desktop&#8220; header_font_size_tablet=&#8220;40px&#8220; header_font_size_phone=&#8220;32px&#8220; header_font_size_last_edited=&#8220;on|phone&#8220; header_3_font_size_tablet=&#8220;16px&#8220; header_3_font_size_phone=&#8220;14px&#8220; header_3_font_size_last_edited=&#8220;on|phone&#8220; header_3_letter_spacing_tablet=&#8220;5px&#8220; header_3_letter_spacing_phone=&#8220;&#8220; header_3_letter_spacing_last_edited=&#8220;on|tablet&#8220;]<\/p>\n<h1>Potla\u010d na textil<\/h1>\n<p>[\/et_pb_text][\/et_pb_column][\/et_pb_row][\/et_pb_section][et_pb_section fb_built=&#8220;1&#8243; custom_padding_last_edited=&#8220;off|desktop&#8220; admin_label=&#8220;About&#8220; _builder_version=&#8220;3.22&#8243; custom_padding=&#8220;6px|||||&#8220; custom_padding_tablet=&#8220;0px|||&#8220; custom_padding_phone=&#8220;0px|||&#8220; border_radii=&#8220;on|10px|10px|10px|10px&#8220; saved_tabs=&#8220;all&#8220;][et_pb_row _builder_version=&#8220;4.8.1&#8243; width=&#8220;100%&#8220; locked=&#8220;off&#8220;][et_pb_column type=&#8220;4_4&#8243; _builder_version=&#8220;4.8.1&#8243; custom_padding=&#8220;|||&#8220; custom_padding__hover=&#8220;|||&#8220;][et_pb_text _builder_version=&#8220;4.8.1&#8243; text_font=&#8220;||||||||&#8220; text_font_size=&#8220;16px&#8220; text_line_height=&#8220;2em&#8220; ul_font=&#8220;||||||||&#8220; header_font=&#8220;||||||||&#8220; header_2_font=&#8220;Roboto|700|||||||&#8220; header_2_text_color=&#8220;#8300E9&#8243; header_2_font_size=&#8220;30px&#8220; header_2_line_height=&#8220;1.2em&#8220; header_3_font=&#8220;||||||||&#8220; max_width=&#8220;880px&#8220; max_width_last_edited=&#8220;off|desktop&#8220; module_alignment=&#8220;center&#8220; custom_margin=&#8220;|||&#8220; custom_padding=&#8220;|||&#8220; header_2_font_size_tablet=&#8220;35px&#8220; header_2_font_size_phone=&#8220;28px&#8220; header_2_font_size_last_edited=&#8220;on|phone&#8220;]<\/p>\n<p>\u010eal\u0161ou vhodnou mo\u017enos\u0165ou ako efekt\u00edvne vyu\u017ei\u0165 <strong>n\u00e1hradn\u00e9 plnenie<\/strong> je na\u0161a ponuka <strong>potla\u010de, vy\u0161itia<\/strong> grafick\u00fdch mot\u00edvov <strong>na textil<\/strong> a <strong>pracovn\u00e9 odevy<\/strong>.<\/p>\n<h3>Technol\u00f3gie potla\u010de:<\/h3>\n<h2>Sie\u0165otla\u010d<\/h2>\n<p>Princ\u00edpom tejto technol\u00f3gie je pretl\u00e1\u010danie farby ploch\u00fdn sitom na konkr\u00e9tny materi\u00e1l, \u010di\u017ee grafick\u00fd mot\u00edv je vymedzen\u00fd sie\u0165otla\u010dovou \u0161abl\u00f3nou, ktor\u00fa m\u00f4\u017eeme na sito priamo nakop\u00edrova\u0165.<\/p>\n<ul>\n<li>t\u00e1to technika je vhodn\u00e1 pre <strong>potla\u010d vo ve\u013ekom mno\u017estve<\/strong><\/li>\n<li>vysok\u00e1 <strong>odolnos\u0165<\/strong> vo\u010di praniu<\/li>\n<li><strong>ve\u013ekoform\u00e1tov\u00e1 tla\u010d<\/strong><\/li>\n<li>jednoduchos\u0165<\/li>\n<\/ul>\n<h2>Sublima\u010dn\u00e1 tla\u010d<\/h2>\n<p>Pri tomto sp\u00f4sobe potla\u010de sa vyu\u017e\u00edva \u0161peci\u00e1lna farba, ktor\u00e1 sa pomocou <strong>sublima\u010dnej tla\u010diarne<\/strong> vytla\u010d\u00ed na tzv. prenosn\u00fd papier alebo f\u00f3liu, ktor\u00e1 je potiahnut\u00e1 \u0161peci\u00e1lnou vrstvou. N\u00e1sledne sa pod vysok\u00fdm tlakom a pri ve\u013ekej teplote lisovan\u00edm nanesie grafick\u00fd mot\u00edv z papiera na potla\u010dovan\u00fd materi\u00e1l (pri\u010dom prebieha sublim\u00e1cia). V\u00fdhodou je, \u017ee potla\u010d je <strong>odoln\u00e1 vo\u010di praniu i pri vy\u0161\u0161ej teplote<\/strong>. Kv\u00f4li zachovaniu s\u00fdtych farieb je t\u00e1to technika <strong>vhodn\u00e1 preva\u017ene na biely textil<\/strong>.<\/p>\n<ul>\n<li>vysokokvalitn\u00e1 plnofarebn\u00e1 potla\u010d<\/li>\n<li>v\u00fdborn\u00e1 krycia schopnos\u0165<\/li>\n<\/ul>\n<h2>Flock tla\u010d<\/h2>\n<p>Je modern\u00fd sp\u00f4sob potla\u010de vyu\u017eit\u00edm kvalitn\u00fdch f\u00f3li\u00ed. Vyu\u017e\u00edva sa hlavne na <strong>tla\u010denie vektorovej grafiky<\/strong>. Logo, text alebo in\u00fd grafick\u00fd mot\u00edv sa vyre\u017ee rezac\u00edm plotrom z flock f\u00f3lie, ktor\u00e1 sa pri vysokom tlaku a teplote fixuje na textil. Obmedzenie farieb \u2013 maxim\u00e1lne 3 farby (grafika sa mus\u00ed vytvori\u0165 z viacer\u00fdch farebn\u00fdch f\u00f3li\u00ed). Nemo\u017enos\u0165 docieli\u0165 odtiene farieb. Flock na dotyk pripom\u00edna semi\u0161.<\/p>\n<ul>\n<li><strong>vysok\u00e1 trvanlivos\u0165 a jasnos\u0165 farieb<\/strong><\/li>\n<li>vyu\u017eitie na: tri\u010dk\u00e1, mikiny, vetrovky, \u2026<\/li>\n<\/ul>\n<h2>Flex tla\u010d<\/h2>\n<p>Obdobn\u00e1 technol\u00f3gia ako je Flock, rozdiel je v pou\u017eit\u00ed odli\u0161n\u00e9ho typu f\u00f3lie. Povrch Flex potla\u010de je na dotyk jemn\u00fd, pripom\u00edna gumu. Oproti Flocku je mo\u017en\u00e9 vytvori\u0165 fosforov\u00fd, metalick\u00fd, glitrov\u00fd alebo reflexn\u00fd efekt. Podobne ako pri Flock \u2013 nemo\u017enos\u0165 docieli\u0165 odtiene a farebn\u00e9 prechody.<\/p>\n<ul>\n<li>dlh\u00e1 \u017eivotnos\u0165, vysok\u00e1 kvalita<\/li>\n<li>skvel\u00e1 krycia schopnos\u0165<\/li>\n<\/ul>\n<h2>Vy\u0161\u00edvanie<\/h2>\n<ul>\n<li>trv\u00e1cnos\u0165, viacfarebnos\u0165, elegantn\u00fd vzh\u013ead<\/li>\n<li>naj\u010dastej\u0161ie vyu\u017eitie: tri\u010dk\u00e1, mikiny, osu\u0161ky, uter\u00e1ky, \u010diapky, \u2026<\/li>\n<\/ul>\n<p>[\/et_pb_text][\/et_pb_column][\/et_pb_row][\/et_pb_section][et_pb_section fb_built=&#8220;1&#8243; custom_padding_last_edited=&#8220;on|desktop&#8220; prev_background_color=&#8220;#ffffff&#8220; admin_label=&#8220;Footer&#8220; _builder_version=&#8220;3.22&#8243; use_background_color_gradient=&#8220;on&#8220; background_color_gradient_start=&#8220;#8624E1&#8243; background_color_gradient_end=&#8220;#3607A6&#8243; background_color_gradient_direction=&#8220;130deg&#8220; background_color_gradient_start_position=&#8220;25%&#8220; background_image=&#8220;http:\/\/www.4texel.sk\/wp-content\/uploads\/marketing-bg6.png&#8220; parallax=&#8220;on&#8220; custom_padding=&#8220;10vw||7vw||false|false&#8220; custom_padding_tablet=&#8220;100px||100px||true&#8220; custom_padding_phone=&#8220;||||true&#8220; top_divider_style=&#8220;ramp2&#8243; top_divider_height=&#8220;250px&#8220; top_divider_flip=&#8220;vertical&#8220; top_divider_height_tablet=&#8220;150px&#8220; top_divider_height_phone=&#8220;110px&#8220; top_divider_height_last_edited=&#8220;on|phone&#8220; saved_tabs=&#8220;all&#8220;][et_pb_row _builder_version=&#8220;3.25&#8243; max_width=&#8220;1440px&#8220; custom_margin=&#8220;|||&#8220; custom_padding=&#8220;0px|||&#8220; use_custom_width=&#8220;on&#8220; custom_width_px=&#8220;1440px&#8220;][et_pb_column type=&#8220;4_4&#8243; _builder_version=&#8220;3.25&#8243; custom_padding=&#8220;|||&#8220; custom_padding__hover=&#8220;|||&#8220;][et_pb_button button_url=&#8220;https:\/\/4texel.e-present.eu\/kategoria\/textil\/&#8220; button_text=&#8220;Eshop &#8211; Textil&#8220; button_alignment=&#8220;center&#8220; _builder_version=&#8220;4.8.1&#8243; custom_button=&#8220;on&#8220; button_text_size=&#8220;14px&#8220; button_bg_use_color_gradient=&#8220;on&#8220; button_bg_color_gradient_start=&#8220;#f92c8b&#8220; button_bg_color_gradient_end=&#8220;#b02cd6&#8243; button_bg_color_gradient_direction=&#8220;90deg&#8220; button_border_width=&#8220;0px&#8220; button_border_color=&#8220;rgba(0,0,0,0)&#8220; button_border_radius=&#8220;4px&#8220; button_letter_spacing=&#8220;5px&#8220; button_font=&#8220;Roboto|700||on|||||&#8220; background_layout=&#8220;dark&#8220; custom_margin=&#8220;|||&#8220; custom_padding=&#8220;18px|34px|18px|34px|true|true&#8220; box_shadow_style=&#8220;preset3&#8243; box_shadow_vertical=&#8220;20px&#8220; box_shadow_blur=&#8220;30px&#8220; box_shadow_spread=&#8220;-10px&#8220; box_shadow_color=&#8220;rgba(249,44,139,0.4)&#8220; button_letter_spacing_hover=&#8220;5.5px&#8220; button_text_size__hover_enabled=&#8220;off&#8220; button_one_text_size__hover_enabled=&#8220;off&#8220; button_two_text_size__hover_enabled=&#8220;off&#8220; button_text_color__hover_enabled=&#8220;off&#8220; button_one_text_color__hover_enabled=&#8220;off&#8220; button_two_text_color__hover_enabled=&#8220;off&#8220; button_border_width__hover_enabled=&#8220;off&#8220; button_one_border_width__hover_enabled=&#8220;off&#8220; button_two_border_width__hover_enabled=&#8220;off&#8220; button_border_color__hover_enabled=&#8220;off&#8220; button_one_border_color__hover_enabled=&#8220;off&#8220; button_two_border_color__hover_enabled=&#8220;off&#8220; button_border_radius__hover_enabled=&#8220;off&#8220; button_one_border_radius__hover_enabled=&#8220;off&#8220; button_two_border_radius__hover_enabled=&#8220;off&#8220; button_letter_spacing__hover_enabled=&#8220;on&#8220; button_letter_spacing__hover=&#8220;5.5px&#8220; button_one_letter_spacing__hover_enabled=&#8220;off&#8220; button_two_letter_spacing__hover_enabled=&#8220;off&#8220; button_bg_color__hover_enabled=&#8220;off&#8220; button_one_bg_color__hover_enabled=&#8220;off&#8220; button_two_bg_color__hover_enabled=&#8220;off&#8220;][\/et_pb_button][\/et_pb_column][\/et_pb_row][\/et_pb_section]<\/p>\n","protected":false},"excerpt":{"rendered":"<p>Potla\u010d na textil\u010eal\u0161ou vhodnou mo\u017enos\u0165ou ako efekt\u00edvne vyu\u017ei\u0165 n\u00e1hradn\u00e9 plnenie je na\u0161a ponuka potla\u010de, vy\u0161itia grafick\u00fdch mot\u00edvov na textil a pracovn\u00e9 odevy. Technol\u00f3gie potla\u010de: Sie\u0165otla\u010d Princ\u00edpom tejto technol\u00f3gie je pretl\u00e1\u010danie farby ploch\u00fdn sitom na konkr\u00e9tny materi\u00e1l, \u010di\u017ee grafick\u00fd mot\u00edv je vymedzen\u00fd sie\u0165otla\u010dovou \u0161abl\u00f3nou, ktor\u00fa m\u00f4\u017eeme na sito priamo nakop\u00edrova\u0165. t\u00e1to technika je vhodn\u00e1 pre potla\u010d [&hellip;]<\/p>\n","protected":false},"author":1,"featured_media":0,"parent":0,"menu_order":0,"comment_status":"closed","ping_status":"closed","template":"","meta":{"_et_pb_use_builder":"on","_et_pb_old_content":"","_et_gb_content_width":"","footnotes":""},"_links":{"self":[{"href":"https:\/\/www.4texel.sk\/index.php?rest_route=\/wp\/v2\/pages\/20912"}],"collection":[{"href":"https:\/\/www.4texel.sk\/index.php?rest_route=\/wp\/v2\/pages"}],"about":[{"href":"https:\/\/www.4texel.sk\/index.php?rest_route=\/wp\/v2\/types\/page"}],"author":[{"embeddable":true,"href":"https:\/\/www.4texel.sk\/index.php?rest_route=\/wp\/v2\/users\/1"}],"replies":[{"embeddable":true,"href":"https:\/\/www.4texel.sk\/index.php?rest_route=%2Fwp%2Fv2%2Fcomments&post=20912"}],"version-history":[{"count":2,"href":"https:\/\/www.4texel.sk\/index.php?rest_route=\/wp\/v2\/pages\/20912\/revisions"}],"predecessor-version":[{"id":20915,"href":"https:\/\/www.4texel.sk\/index.php?rest_route=\/wp\/v2\/pages\/20912\/revisions\/20915"}],"wp:attachment":[{"href":"https:\/\/www.4texel.sk\/index.php?rest_route=%2Fwp%2Fv2%2Fmedia&parent=20912"}],"curies":[{"name":"wp","href":"https:\/\/api.w.org\/{rel}","templated":true}]}}