{"id":20921,"date":"2021-01-21T19:47:20","date_gmt":"2021-01-21T19:47:20","guid":{"rendered":"http:\/\/www.4texel.sk\/?page_id=20921"},"modified":"2021-01-21T19:47:20","modified_gmt":"2021-01-21T19:47:20","slug":"reklamne-sluzby","status":"publish","type":"page","link":"https:\/\/www.4texel.sk\/?page_id=20921","title":{"rendered":"Reklamn\u00e9 slu\u017eby"},"content":{"rendered":"<p>[et_pb_section fb_built=&#8220;1&#8243; custom_padding_last_edited=&#8220;on|desktop&#8220; next_background_color=&#8220;#ffffff&#8220; admin_label=&#8220;Header&#8220; _builder_version=&#8220;4.8.1&#8243; use_background_color_gradient=&#8220;on&#8220; background_color_gradient_start=&#8220;#8624E1&#8243; background_color_gradient_end=&#8220;#3607A6&#8243; background_color_gradient_direction=&#8220;130deg&#8220; background_color_gradient_start_position=&#8220;25%&#8220; background_image=&#8220;http:\/\/www.4texel.sk\/wp-content\/uploads\/marketing-bg6.png&#8220; parallax=&#8220;on&#8220; min_height=&#8220;300px&#8220; custom_padding=&#8220;4vw||4vw||false|false&#8220; custom_padding_tablet=&#8220;100px||100px||true&#8220; custom_padding_phone=&#8220;||||true&#8220; bottom_divider_style=&#8220;ramp2&#8243; bottom_divider_height=&#8220;150px&#8220; bottom_divider_flip=&#8220;horizontal&#8220; bottom_divider_height_tablet=&#8220;150px&#8220; bottom_divider_height_phone=&#8220;110px&#8220; bottom_divider_height_last_edited=&#8220;on|phone&#8220; saved_tabs=&#8220;all&#8220;][et_pb_row _builder_version=&#8220;3.25&#8243;][et_pb_column type=&#8220;4_4&#8243; _builder_version=&#8220;3.25&#8243; custom_padding=&#8220;|||&#8220; custom_padding__hover=&#8220;|||&#8220;][et_pb_text _builder_version=&#8220;4.8.1&#8243; text_font=&#8220;Roboto||||||||&#8220; text_font_size=&#8220;16px&#8220; text_line_height=&#8220;1.8em&#8220; header_font=&#8220;Roboto|700|||||||&#8220; header_text_align=&#8220;center&#8220; header_font_size=&#8220;70px&#8220; header_line_height=&#8220;1.2em&#8220; header_3_font=&#8220;Roboto|700||on|||||&#8220; header_3_text_align=&#8220;center&#8220; header_3_text_color=&#8220;#ffffff&#8220; header_3_font_size=&#8220;24px&#8220; header_3_letter_spacing=&#8220;10px&#8220; header_3_line_height=&#8220;2em&#8220; text_orientation=&#8220;center&#8220; background_layout=&#8220;dark&#8220; module_alignment=&#8220;center&#8220; text_font_size_last_edited=&#8220;off|desktop&#8220; header_font_size_tablet=&#8220;40px&#8220; header_font_size_phone=&#8220;32px&#8220; header_font_size_last_edited=&#8220;on|phone&#8220; header_3_font_size_tablet=&#8220;16px&#8220; header_3_font_size_phone=&#8220;14px&#8220; header_3_font_size_last_edited=&#8220;on|phone&#8220; header_3_letter_spacing_tablet=&#8220;5px&#8220; header_3_letter_spacing_phone=&#8220;&#8220; header_3_letter_spacing_last_edited=&#8220;on|tablet&#8220;]<\/p>\n<h1>Reklamn\u00e9 slu\u017eby<\/h1>\n<p>[\/et_pb_text][\/et_pb_column][\/et_pb_row][\/et_pb_section][et_pb_section fb_built=&#8220;1&#8243; custom_padding_last_edited=&#8220;off|desktop&#8220; admin_label=&#8220;About&#8220; _builder_version=&#8220;3.22&#8243; custom_padding=&#8220;6px|||||&#8220; custom_padding_tablet=&#8220;0px|||&#8220; custom_padding_phone=&#8220;0px|||&#8220; border_radii=&#8220;on|10px|10px|10px|10px&#8220; saved_tabs=&#8220;all&#8220;][et_pb_row _builder_version=&#8220;4.8.1&#8243; width=&#8220;100%&#8220; locked=&#8220;off&#8220;][et_pb_column type=&#8220;4_4&#8243; _builder_version=&#8220;4.8.1&#8243; custom_padding=&#8220;|||&#8220; custom_padding__hover=&#8220;|||&#8220;][et_pb_text _builder_version=&#8220;4.8.1&#8243; text_font=&#8220;||||||||&#8220; text_font_size=&#8220;16px&#8220; text_line_height=&#8220;2em&#8220; ul_font=&#8220;||||||||&#8220; header_font=&#8220;||||||||&#8220; header_2_font=&#8220;Roboto|700|||||||&#8220; header_2_text_color=&#8220;#E09900&#8243; header_2_font_size=&#8220;30px&#8220; header_2_line_height=&#8220;1.2em&#8220; header_3_font=&#8220;||||||||&#8220; max_width=&#8220;880px&#8220; max_width_last_edited=&#8220;off|desktop&#8220; module_alignment=&#8220;center&#8220; custom_margin=&#8220;|||&#8220; custom_padding=&#8220;|||&#8220; header_2_font_size_tablet=&#8220;35px&#8220; header_2_font_size_phone=&#8220;28px&#8220; header_2_font_size_last_edited=&#8220;on|phone&#8220;]<\/p>\n<p>T\u00e1to skupina reklamn\u00fdch slu\u017eieb zah\u0155\u0148a <strong>\u0161irok\u00fa paletu<\/strong> produktov ako s\u00fa: r\u00f4zne <strong>tla\u010doviny, prospekty, reklamn\u00e9 panely, bro\u017e\u00fary,<\/strong> \u2026<\/p>\n<h2>Prezenta\u010dn\u00e9 tla\u010doviny a prospekty<\/h2>\n<p>Naj\u010dastej\u0161ie vyu\u017e\u00edvanou slu\u017ebou z tejto sekcie je potla\u010d r\u00f4znych reklamn\u00fdch a prezenta\u010dn\u00fdch materi\u00e1lov ako s\u00fa napr\u00edklad: bulletiny, bro\u017e\u00fary, let\u00e1ky, plag\u00e1ty, kalend\u00e1re, trhacie bloky, notesy, vizitky, \u2026<\/p>\n<h2>Bilobardy, reklamn\u00e9 panely a v\u00fdlepy<\/h2>\n<p>Na\u0161ou prioritou je realizova\u0165 rie\u0161enia, ktor\u00e9 zoh\u013ead\u0148uj\u00fa potreby klienta, pri\u010dom vytv\u00e1raj\u00fa jedine\u010dn\u00fa identitu.<\/p>\n<h2>Tvorba web str\u00e1nok<\/h2>\n<p>Vytv\u00e1rame kvalitn\u00e9, dizajnovo p\u00fatav\u00e9 web str\u00e1nky so zameran\u00edm na jednoduchos\u0165 a pou\u017eite\u013enos\u0165.<\/p>\n<p>[\/et_pb_text][\/et_pb_column][\/et_pb_row][\/et_pb_section][et_pb_section fb_built=&#8220;1&#8243; custom_padding_last_edited=&#8220;on|desktop&#8220; prev_background_color=&#8220;#ffffff&#8220; admin_label=&#8220;Footer&#8220; _builder_version=&#8220;3.22&#8243; use_background_color_gradient=&#8220;on&#8220; background_color_gradient_start=&#8220;#8624E1&#8243; background_color_gradient_end=&#8220;#3607A6&#8243; background_color_gradient_direction=&#8220;130deg&#8220; background_color_gradient_start_position=&#8220;25%&#8220; background_image=&#8220;http:\/\/www.4texel.sk\/wp-content\/uploads\/marketing-bg6.png&#8220; parallax=&#8220;on&#8220; custom_padding=&#8220;10vw||7vw||false|false&#8220; custom_padding_tablet=&#8220;100px||100px||true&#8220; custom_padding_phone=&#8220;||||true&#8220; top_divider_style=&#8220;ramp2&#8243; top_divider_height=&#8220;250px&#8220; top_divider_flip=&#8220;vertical&#8220; top_divider_height_tablet=&#8220;150px&#8220; top_divider_height_phone=&#8220;110px&#8220; top_divider_height_last_edited=&#8220;on|phone&#8220; saved_tabs=&#8220;all&#8220;][et_pb_row _builder_version=&#8220;3.25&#8243; max_width=&#8220;1440px&#8220; custom_margin=&#8220;|||&#8220; custom_padding=&#8220;0px|||&#8220; use_custom_width=&#8220;on&#8220; custom_width_px=&#8220;1440px&#8220;][et_pb_column type=&#8220;4_4&#8243; _builder_version=&#8220;3.25&#8243; custom_padding=&#8220;|||&#8220; custom_padding__hover=&#8220;|||&#8220;][et_pb_button button_url=&#8220;https:\/\/www.4texel.sk\/kontakt\/&#8220; button_text=&#8220;Kontakt&#8220; button_alignment=&#8220;center&#8220; _builder_version=&#8220;4.8.1&#8243; custom_button=&#8220;on&#8220; button_text_size=&#8220;14px&#8220; button_bg_use_color_gradient=&#8220;on&#8220; button_bg_color_gradient_start=&#8220;#f92c8b&#8220; button_bg_color_gradient_end=&#8220;#b02cd6&#8243; button_bg_color_gradient_direction=&#8220;90deg&#8220; button_border_width=&#8220;0px&#8220; button_border_color=&#8220;rgba(0,0,0,0)&#8220; button_border_radius=&#8220;4px&#8220; button_letter_spacing=&#8220;5px&#8220; button_font=&#8220;Roboto|700||on|||||&#8220; background_layout=&#8220;dark&#8220; custom_margin=&#8220;|||&#8220; custom_padding=&#8220;18px|34px|18px|34px|true|true&#8220; hover_enabled=&#8220;0&#8243; box_shadow_style=&#8220;preset3&#8243; box_shadow_vertical=&#8220;20px&#8220; box_shadow_blur=&#8220;30px&#8220; box_shadow_spread=&#8220;-10px&#8220; box_shadow_color=&#8220;rgba(249,44,139,0.4)&#8220; button_letter_spacing_hover=&#8220;5.5px&#8220; button_text_size__hover_enabled=&#8220;off&#8220; button_one_text_size__hover_enabled=&#8220;off&#8220; button_two_text_size__hover_enabled=&#8220;off&#8220; button_text_color__hover_enabled=&#8220;off&#8220; button_one_text_color__hover_enabled=&#8220;off&#8220; button_two_text_color__hover_enabled=&#8220;off&#8220; button_border_width__hover_enabled=&#8220;off&#8220; button_one_border_width__hover_enabled=&#8220;off&#8220; button_two_border_width__hover_enabled=&#8220;off&#8220; button_border_color__hover_enabled=&#8220;off&#8220; button_one_border_color__hover_enabled=&#8220;off&#8220; button_two_border_color__hover_enabled=&#8220;off&#8220; button_border_radius__hover_enabled=&#8220;off&#8220; button_one_border_radius__hover_enabled=&#8220;off&#8220; button_two_border_radius__hover_enabled=&#8220;off&#8220; button_letter_spacing__hover_enabled=&#8220;on&#8220; button_letter_spacing__hover=&#8220;5.5px&#8220; button_one_letter_spacing__hover_enabled=&#8220;off&#8220; button_two_letter_spacing__hover_enabled=&#8220;off&#8220; button_bg_color__hover_enabled=&#8220;off&#8220; button_one_bg_color__hover_enabled=&#8220;off&#8220; button_two_bg_color__hover_enabled=&#8220;off&#8220; sticky_enabled=&#8220;0&#8243;][\/et_pb_button][\/et_pb_column][\/et_pb_row][\/et_pb_section]<\/p>\n","protected":false},"excerpt":{"rendered":"<p>Reklamn\u00e9 slu\u017ebyT\u00e1to skupina reklamn\u00fdch slu\u017eieb zah\u0155\u0148a \u0161irok\u00fa paletu produktov ako s\u00fa: r\u00f4zne tla\u010doviny, prospekty, reklamn\u00e9 panely, bro\u017e\u00fary, \u2026 Prezenta\u010dn\u00e9 tla\u010doviny a prospekty Naj\u010dastej\u0161ie vyu\u017e\u00edvanou slu\u017ebou z tejto sekcie je potla\u010d r\u00f4znych reklamn\u00fdch a prezenta\u010dn\u00fdch materi\u00e1lov ako s\u00fa napr\u00edklad: bulletiny, bro\u017e\u00fary, let\u00e1ky, plag\u00e1ty, kalend\u00e1re, trhacie bloky, notesy, vizitky, \u2026 Bilobardy, reklamn\u00e9 panely a v\u00fdlepy Na\u0161ou prioritou [&hellip;]<\/p>\n","protected":false},"author":1,"featured_media":0,"parent":0,"menu_order":0,"comment_status":"closed","ping_status":"closed","template":"","meta":{"_et_pb_use_builder":"on","_et_pb_old_content":"","_et_gb_content_width":"","footnotes":""},"_links":{"self":[{"href":"https:\/\/www.4texel.sk\/index.php?rest_route=\/wp\/v2\/pages\/20921"}],"collection":[{"href":"https:\/\/www.4texel.sk\/index.php?rest_route=\/wp\/v2\/pages"}],"about":[{"href":"https:\/\/www.4texel.sk\/index.php?rest_route=\/wp\/v2\/types\/page"}],"author":[{"embeddable":true,"href":"https:\/\/www.4texel.sk\/index.php?rest_route=\/wp\/v2\/users\/1"}],"replies":[{"embeddable":true,"href":"https:\/\/www.4texel.sk\/index.php?rest_route=%2Fwp%2Fv2%2Fcomments&post=20921"}],"version-history":[{"count":2,"href":"https:\/\/www.4texel.sk\/index.php?rest_route=\/wp\/v2\/pages\/20921\/revisions"}],"predecessor-version":[{"id":20925,"href":"https:\/\/www.4texel.sk\/index.php?rest_route=\/wp\/v2\/pages\/20921\/revisions\/20925"}],"wp:attachment":[{"href":"https:\/\/www.4texel.sk\/index.php?rest_route=%2Fwp%2Fv2%2Fmedia&parent=20921"}],"curies":[{"name":"wp","href":"https:\/\/api.w.org\/{rel}","templated":true}]}}